{"id":1484,"date":"2021-05-31T18:42:01","date_gmt":"2021-05-31T21:42:01","guid":{"rendered":"https:\/\/sitedev.plantsuite.com\/?page_id=1484"},"modified":"2021-07-27T01:54:58","modified_gmt":"2021-07-27T04:54:58","slug":"suporte","status":"publish","type":"page","link":"https:\/\/www.plantsuite.com\/en\/suporte\/","title":{"rendered":"Suporte"},"content":{"rendered":"<div data-elementor-type=\"wp-page\" data-elementor-id=\"1484\" class=\"elementor elementor-1484\" data-elementor-post-type=\"page\">\n\t\t\t\t\t\t<section class=\"has_eae_slider elementor-section elementor-top-section elementor-element elementor-element-a512608 elementor-section-boxed elementor-section-height-default elementor-section-height-default\" data-id=\"a512608\" data-element_type=\"section\">\n\t\t\t\t\t\t<div class=\"elementor-container elementor-column-gap-no\">\n\t\t\t\t\t<div class=\"has_eae_slider elementor-column elementor-col-100 elementor-top-column elementor-element elementor-element-531506b\" data-id=\"531506b\" data-element_type=\"column\">\n\t\t\t<div class=\"elementor-widget-wrap elementor-element-populated\">\n\t\t\t\t\t\t<div class=\"elementor-element elementor-element-bf63da9 elementor-widget elementor-widget-heading\" data-id=\"bf63da9\" data-element_type=\"widget\" data-widget_type=\"heading.default\">\n\t\t\t\t<div class=\"elementor-widget-container\">\n\t\t\t<h2 class=\"elementor-heading-title elementor-size-default\">Conhe\u00e7a nossa central de ajuda!<\/h2>\t\t<\/div>\n\t\t\t\t<\/div>\n\t\t\t\t<div class=\"elementor-element elementor-element-4705cf5 elementor-widget elementor-widget-text-editor\" data-id=\"4705cf5\" data-element_type=\"widget\" data-widget_type=\"text-editor.default\">\n\t\t\t\t<div class=\"elementor-widget-container\">\n\t\t\t\t\t\t\t<p>Na PlantSuite, queremos que voc\u00ea seja bem atendido.\u00a0<\/p>\t\t\t\t\t\t<\/div>\n\t\t\t\t<\/div>\n\t\t\t\t<div class=\"elementor-element elementor-element-8b4c935 elementor-widget elementor-widget-text-editor\" data-id=\"8b4c935\" data-element_type=\"widget\" data-widget_type=\"text-editor.default\">\n\t\t\t\t<div class=\"elementor-widget-container\">\n\t\t\t\t\t\t\t<p>Atrav\u00e9s da nossa central de ajuda, \u00e9 poss\u00edvel ter acesso a uma base de conhecimento completa, al\u00e9m de ter um canal de acompanhamento de chamados, com nossos agentes de suporte.<\/p>\t\t\t\t\t\t<\/div>\n\t\t\t\t<\/div>\n\t\t\t\t\t<\/div>\n\t\t<\/div>\n\t\t\t\t\t<\/div>\n\t\t<\/section>\n\t\t\t\t<section class=\"has_eae_slider elementor-section elementor-top-section elementor-element elementor-element-95ea3bf elementor-section-boxed elementor-section-height-default elementor-section-height-default\" data-id=\"95ea3bf\" data-element_type=\"section\" data-settings=\"{&quot;background_background&quot;:&quot;classic&quot;}\">\n\t\t\t\t\t\t\t<div class=\"elementor-background-overlay\"><\/div>\n\t\t\t\t\t\t\t<div class=\"elementor-container elementor-column-gap-no\">\n\t\t\t\t\t<div class=\"has_eae_slider elementor-column elementor-col-100 elementor-top-column elementor-element elementor-element-4b50d9c\" data-id=\"4b50d9c\" data-element_type=\"column\" data-settings=\"{&quot;background_background&quot;:&quot;classic&quot;}\">\n\t\t\t<div class=\"elementor-widget-wrap elementor-element-populated\">\n\t\t\t\t\t<div class=\"elementor-background-overlay\"><\/div>\n\t\t\t\t\t\t<div class=\"elementor-element elementor-element-0bacd1a elementor-widget elementor-widget-heading\" data-id=\"0bacd1a\" data-element_type=\"widget\" data-widget_type=\"heading.default\">\n\t\t\t\t<div class=\"elementor-widget-container\">\n\t\t\t<h2 class=\"elementor-heading-title elementor-size-default\">Falar com um agente<\/h2>\t\t<\/div>\n\t\t\t\t<\/div>\n\t\t\t\t<div class=\"elementor-element elementor-element-0908469 elementor-align-center btn-theme elementor-widget elementor-widget-button\" data-id=\"0908469\" data-element_type=\"widget\" data-widget_type=\"button.default\">\n\t\t\t\t<div class=\"elementor-widget-container\">\n\t\t\t\t\t<div class=\"elementor-button-wrapper\">\n\t\t\t<a class=\"elementor-button elementor-button-link elementor-size-lg elementor-animation-shrink\" href=\"https:\/\/support.plantsuite.com\">\n\t\t\t\t\t\t<span class=\"elementor-button-content-wrapper\">\n\t\t\t\t\t\t\t\t\t<span class=\"elementor-button-text\">Solicitar ajuda<\/span>\n\t\t\t\t\t<\/span>\n\t\t\t\t\t<\/a>\n\t\t<\/div>\n\t\t\t\t<\/div>\n\t\t\t\t<\/div>\n\t\t\t\t\t<\/div>\n\t\t<\/div>\n\t\t\t\t\t<\/div>\n\t\t<\/section>\n\t\t\t\t<section class=\"has_eae_slider elementor-section elementor-top-section elementor-element elementor-element-c3eeb65 elementor-section-full_width elementor-section-stretched elementor-section-height-default elementor-section-height-default\" data-id=\"c3eeb65\" data-element_type=\"section\" data-settings=\"{&quot;stretch_section&quot;:&quot;section-stretched&quot;}\">\n\t\t\t\t\t\t<div class=\"elementor-container elementor-column-gap-no\">\n\t\t\t\t\t<div class=\"has_eae_slider elementor-column elementor-col-100 elementor-top-column elementor-element elementor-element-38508be elementor-hidden-desktop elementor-hidden-tablet elementor-hidden-phone\" data-id=\"38508be\" data-element_type=\"column\">\n\t\t\t<div class=\"elementor-widget-wrap elementor-element-populated\">\n\t\t\t\t\t\t<section class=\"has_eae_slider elementor-section elementor-inner-section elementor-element elementor-element-c0d34e7 elementor-section-height-min-height elementor-section-boxed elementor-section-height-default\" data-id=\"c0d34e7\" data-element_type=\"section\" data-settings=\"{&quot;background_background&quot;:&quot;classic&quot;}\">\n\t\t\t\t\t\t<div class=\"elementor-container elementor-column-gap-no\">\n\t\t\t\t\t<div class=\"has_eae_slider elementor-column elementor-col-100 elementor-inner-column elementor-element elementor-element-29d88ba\" data-id=\"29d88ba\" data-element_type=\"column\">\n\t\t\t<div class=\"elementor-widget-wrap elementor-element-populated\">\n\t\t\t\t\t\t<div class=\"elementor-element elementor-element-f67b82c elementor-widget elementor-widget-heading\" data-id=\"f67b82c\" data-element_type=\"widget\" data-widget_type=\"heading.default\">\n\t\t\t\t<div class=\"elementor-widget-container\">\n\t\t\t<h2 class=\"elementor-heading-title elementor-size-default\">Suporte Premium <\/h2>\t\t<\/div>\n\t\t\t\t<\/div>\n\t\t\t\t<div class=\"elementor-element elementor-element-c4dfd3e elementor-widget elementor-widget-text-editor\" data-id=\"c4dfd3e\" data-element_type=\"widget\" data-widget_type=\"text-editor.default\">\n\t\t\t\t<div class=\"elementor-widget-container\">\n\t\t\t\t\t\t\tCaso prefira um canal direto com nossa equipe, conhe\u00e7a nossos planos de suporte.\t\t\t\t\t\t<\/div>\n\t\t\t\t<\/div>\n\t\t\t\t<div class=\"elementor-element elementor-element-24646e2 elementor-widget elementor-widget-html\" data-id=\"24646e2\" data-element_type=\"widget\" data-widget_type=\"html.default\">\n\t\t\t\t<div class=\"elementor-widget-container\">\n\t\t\t<div id=\"zf-widget-root-id\"><\/div>\n<script type=\"text\/javascript\" \nsrc='https:\/\/js.zohostatic.com\/books\/zfwidgets\/assets\/js\/zf-widget.js'>\n<\/script>\n<script> \nvar pricingTableComponentOptions = { id: 'zf-widget-root-id', product_id: '2-2f67ee0d7560a2c84bd3638ed5f68af927deb95c4914609e0a4f30ee6ffdebafb87babb8ed01cbdb58bcad6fd428a6fde4230a90603e52f1a262b6d698c356cf', template: 'combo', most_popular_plan: 'SUP-PRO', is_group_by_frequency: false, group_options: [ ], plans: [ { plan_code: 'B1' }, { plan_code: 'SUP-PRO' }, { plan_code: 'SUP-PRM' }, ], theme: { color: '#1D3A98', theme_color_light: '#F9FCFF'}, button_text: 'Assinar', product_url: 'https:\/\/subscriptions.zoho.com', price_caption: '', language_code: 'pt', open_inSameTab: false }; ZFWidget.init('zf-pricing-table', pricingTableComponentOptions);\n<\/script>\t\t<\/div>\n\t\t\t\t<\/div>\n\t\t\t\t\t<\/div>\n\t\t<\/div>\n\t\t\t\t\t<\/div>\n\t\t<\/section>\n\t\t\t\t\t<\/div>\n\t\t<\/div>\n\t\t\t\t\t<\/div>\n\t\t<\/section>\n\t\t\t\t<\/div>","protected":false},"excerpt":{"rendered":"<p>Conhe\u00e7a nossa central de ajuda! Na PlantSuite, queremos que voc\u00ea seja bem atendido.\u00a0 Atrav\u00e9s da nossa central de ajuda, \u00e9 poss\u00edvel ter acesso a uma base de conhecimento completa, al\u00e9m de ter um canal de acompanhamento de chamados, com nossos agentes de suporte. Falar com um agente Solicitar ajuda Suporte Premium Caso prefira um canal&hellip; <a class=\"more-link\" href=\"https:\/\/www.plantsuite.com\/en\/suporte\/\">Continue reading <span class=\"screen-reader-text\">Suporte<\/span><\/a><\/p>","protected":false},"author":1,"featured_media":0,"parent":0,"menu_order":0,"comment_status":"closed","ping_status":"closed","template":"","meta":{"footnotes":""},"folder":[],"yoast_head":"<!-- This site is optimized with the Yoast SEO plugin v22.8 - https:\/\/yoast.com\/wordpress\/plugins\/seo\/ -->\n<title>Suporte - PlantSuite<\/title>\n<meta name=\"robots\" content=\"index, follow, max-snippet:-1, max-image-preview:large, max-video-preview:-1\" \/>\n<link rel=\"canonical\" href=\"https:\/\/plantsuite.com\/suporte\/\" \/>\n<meta property=\"og:locale\" content=\"en_US\" \/>\n<meta property=\"og:type\" content=\"article\" \/>\n<meta property=\"og:title\" content=\"Suporte - PlantSuite\" \/>\n<meta property=\"og:description\" content=\"Conhe\u00e7a nossa central de ajuda! Na PlantSuite, queremos que voc\u00ea seja bem atendido.\u00a0 Atrav\u00e9s da nossa central de ajuda, \u00e9 poss\u00edvel ter acesso a uma base de conhecimento completa, al\u00e9m de ter um canal de acompanhamento de chamados, com nossos agentes de suporte. Falar com um agente Solicitar ajuda Suporte Premium Caso prefira um canal&hellip; Continue reading Suporte\" \/>\n<meta property=\"og:url\" content=\"https:\/\/plantsuite.com\/suporte\/\" \/>\n<meta property=\"og:site_name\" content=\"PlantSuite\" \/>\n<meta property=\"article:publisher\" content=\"https:\/\/www.facebook.com\/PlantSuite\" \/>\n<meta property=\"article:modified_time\" content=\"2021-07-27T04:54:58+00:00\" \/>\n<meta name=\"twitter:card\" content=\"summary_large_image\" \/>\n<meta name=\"twitter:label1\" content=\"Est. reading time\" \/>\n\t<meta name=\"twitter:data1\" content=\"1 minute\" \/>\n<script type=\"application\/ld+json\" class=\"yoast-schema-graph\">{\"@context\":\"https:\/\/schema.org\",\"@graph\":[{\"@type\":\"WebPage\",\"@id\":\"https:\/\/plantsuite.com\/suporte\/\",\"url\":\"https:\/\/plantsuite.com\/suporte\/\",\"name\":\"Suporte - PlantSuite\",\"isPartOf\":{\"@id\":\"https:\/\/www.plantsuite.com\/#website\"},\"datePublished\":\"2021-05-31T21:42:01+00:00\",\"dateModified\":\"2021-07-27T04:54:58+00:00\",\"breadcrumb\":{\"@id\":\"https:\/\/plantsuite.com\/suporte\/#breadcrumb\"},\"inLanguage\":\"en-US\",\"potentialAction\":[{\"@type\":\"ReadAction\",\"target\":[\"https:\/\/plantsuite.com\/suporte\/\"]}]},{\"@type\":\"BreadcrumbList\",\"@id\":\"https:\/\/plantsuite.com\/suporte\/#breadcrumb\",\"itemListElement\":[{\"@type\":\"ListItem\",\"position\":1,\"name\":\"In\u00edcio\",\"item\":\"https:\/\/www.plantsuite.com\/\"},{\"@type\":\"ListItem\",\"position\":2,\"name\":\"Suporte\"}]},{\"@type\":\"WebSite\",\"@id\":\"https:\/\/www.plantsuite.com\/#website\",\"url\":\"https:\/\/www.plantsuite.com\/\",\"name\":\"PlantSuite\",\"description\":\"Produtos MES e IoT\",\"publisher\":{\"@id\":\"https:\/\/www.plantsuite.com\/#organization\"},\"potentialAction\":[{\"@type\":\"SearchAction\",\"target\":{\"@type\":\"EntryPoint\",\"urlTemplate\":\"https:\/\/www.plantsuite.com\/?s={search_term_string}\"},\"query-input\":\"required name=search_term_string\"}],\"inLanguage\":\"en-US\"},{\"@type\":\"Organization\",\"@id\":\"https:\/\/www.plantsuite.com\/#organization\",\"name\":\"PlantSuite Software Ltda\",\"url\":\"https:\/\/www.plantsuite.com\/\",\"logo\":{\"@type\":\"ImageObject\",\"inLanguage\":\"en-US\",\"@id\":\"https:\/\/www.plantsuite.com\/#\/schema\/logo\/image\/\",\"url\":\"https:\/\/plantsuite.com\/wp-content\/uploads\/2021\/05\/logotipo-plantsuite.svg\",\"contentUrl\":\"https:\/\/plantsuite.com\/wp-content\/uploads\/2021\/05\/logotipo-plantsuite.svg\",\"width\":1,\"height\":1,\"caption\":\"PlantSuite Software Ltda\"},\"image\":{\"@id\":\"https:\/\/www.plantsuite.com\/#\/schema\/logo\/image\/\"},\"sameAs\":[\"https:\/\/www.facebook.com\/PlantSuite\",\"https:\/\/www.instagram.com\/plantsuitesoftware\/\",\"https:\/\/www.linkedin.com\/company\/plantsuite\/\"]}]}<\/script>\n<!-- \/ Yoast SEO plugin. -->","yoast_head_json":{"title":"Suporte - PlantSuite","robots":{"index":"index","follow":"follow","max-snippet":"max-snippet:-1","max-image-preview":"max-image-preview:large","max-video-preview":"max-video-preview:-1"},"canonical":"https:\/\/plantsuite.com\/suporte\/","og_locale":"en_US","og_type":"article","og_title":"Suporte - PlantSuite","og_description":"Conhe\u00e7a nossa central de ajuda! Na PlantSuite, queremos que voc\u00ea seja bem atendido.\u00a0 Atrav\u00e9s da nossa central de ajuda, \u00e9 poss\u00edvel ter acesso a uma base de conhecimento completa, al\u00e9m de ter um canal de acompanhamento de chamados, com nossos agentes de suporte. Falar com um agente Solicitar ajuda Suporte Premium Caso prefira um canal&hellip; Continue reading Suporte","og_url":"https:\/\/plantsuite.com\/suporte\/","og_site_name":"PlantSuite","article_publisher":"https:\/\/www.facebook.com\/PlantSuite","article_modified_time":"2021-07-27T04:54:58+00:00","twitter_card":"summary_large_image","twitter_misc":{"Est. reading time":"1 minute"},"schema":{"@context":"https:\/\/schema.org","@graph":[{"@type":"WebPage","@id":"https:\/\/plantsuite.com\/suporte\/","url":"https:\/\/plantsuite.com\/suporte\/","name":"Suporte - PlantSuite","isPartOf":{"@id":"https:\/\/www.plantsuite.com\/#website"},"datePublished":"2021-05-31T21:42:01+00:00","dateModified":"2021-07-27T04:54:58+00:00","breadcrumb":{"@id":"https:\/\/plantsuite.com\/suporte\/#breadcrumb"},"inLanguage":"en-US","potentialAction":[{"@type":"ReadAction","target":["https:\/\/plantsuite.com\/suporte\/"]}]},{"@type":"BreadcrumbList","@id":"https:\/\/plantsuite.com\/suporte\/#breadcrumb","itemListElement":[{"@type":"ListItem","position":1,"name":"In\u00edcio","item":"https:\/\/www.plantsuite.com\/"},{"@type":"ListItem","position":2,"name":"Suporte"}]},{"@type":"WebSite","@id":"https:\/\/www.plantsuite.com\/#website","url":"https:\/\/www.plantsuite.com\/","name":"PlantSuite","description":"Produtos MES e IoT","publisher":{"@id":"https:\/\/www.plantsuite.com\/#organization"},"potentialAction":[{"@type":"SearchAction","target":{"@type":"EntryPoint","urlTemplate":"https:\/\/www.plantsuite.com\/?s={search_term_string}"},"query-input":"required name=search_term_string"}],"inLanguage":"en-US"},{"@type":"Organization","@id":"https:\/\/www.plantsuite.com\/#organization","name":"PlantSuite Software Ltda","url":"https:\/\/www.plantsuite.com\/","logo":{"@type":"ImageObject","inLanguage":"en-US","@id":"https:\/\/www.plantsuite.com\/#\/schema\/logo\/image\/","url":"https:\/\/plantsuite.com\/wp-content\/uploads\/2021\/05\/logotipo-plantsuite.svg","contentUrl":"https:\/\/plantsuite.com\/wp-content\/uploads\/2021\/05\/logotipo-plantsuite.svg","width":1,"height":1,"caption":"PlantSuite Software Ltda"},"image":{"@id":"https:\/\/www.plantsuite.com\/#\/schema\/logo\/image\/"},"sameAs":["https:\/\/www.facebook.com\/PlantSuite","https:\/\/www.instagram.com\/plantsuitesoftware\/","https:\/\/www.linkedin.com\/company\/plantsuite\/"]}]}},"_links":{"self":[{"href":"https:\/\/www.plantsuite.com\/en\/wp-json\/wp\/v2\/pages\/1484"}],"collection":[{"href":"https:\/\/www.plantsuite.com\/en\/wp-json\/wp\/v2\/pages"}],"about":[{"href":"https:\/\/www.plantsuite.com\/en\/wp-json\/wp\/v2\/types\/page"}],"author":[{"embeddable":true,"href":"https:\/\/www.plantsuite.com\/en\/wp-json\/wp\/v2\/users\/1"}],"replies":[{"embeddable":true,"href":"https:\/\/www.plantsuite.com\/en\/wp-json\/wp\/v2\/comments?post=1484"}],"version-history":[{"count":10,"href":"https:\/\/www.plantsuite.com\/en\/wp-json\/wp\/v2\/pages\/1484\/revisions"}],"predecessor-version":[{"id":3651,"href":"https:\/\/www.plantsuite.com\/en\/wp-json\/wp\/v2\/pages\/1484\/revisions\/3651"}],"wp:attachment":[{"href":"https:\/\/www.plantsuite.com\/en\/wp-json\/wp\/v2\/media?parent=1484"}],"wp:term":[{"taxonomy":"folder","embeddable":true,"href":"https:\/\/www.plantsuite.com\/en\/wp-json\/wp\/v2\/folder?post=1484"}],"curies":[{"name":"wp","href":"https:\/\/api.w.org\/{rel}","templated":true}]}}