{"id":2426,"date":"2021-05-14T20:20:00","date_gmt":"2021-05-14T23:20:00","guid":{"rendered":"https:\/\/sitedev.plantsuite.com\/?page_id=2426"},"modified":"2021-07-28T18:11:41","modified_gmt":"2021-07-28T21:11:41","slug":"plantsuite-iot","status":"publish","type":"page","link":"https:\/\/www.plantsuite.com\/en\/plantsuite-iot\/","title":{"rendered":"PlantSuite IoT"},"content":{"rendered":"<div data-elementor-type=\"wp-page\" data-elementor-id=\"2426\" class=\"elementor elementor-2426\" data-elementor-post-type=\"page\">\n\t\t\t\t\t\t<section class=\"has_eae_slider elementor-section elementor-top-section elementor-element elementor-element-bc478a5 bg-plantsuite-iot elementor-section-boxed elementor-section-height-default elementor-section-height-default\" data-id=\"bc478a5\" data-element_type=\"section\" data-settings=\"{&quot;background_background&quot;:&quot;classic&quot;}\">\n\t\t\t\t\t\t\t<div class=\"elementor-background-overlay\"><\/div>\n\t\t\t\t\t\t\t<div class=\"elementor-container elementor-column-gap-no\">\n\t\t\t\t\t<div class=\"has_eae_slider elementor-column elementor-col-100 elementor-top-column elementor-element elementor-element-a0c8726\" data-id=\"a0c8726\" data-element_type=\"column\">\n\t\t\t<div class=\"elementor-widget-wrap elementor-element-populated\">\n\t\t\t\t\t\t<div class=\"elementor-element elementor-element-4a938a4 elementor-widget elementor-widget-heading\" data-id=\"4a938a4\" data-element_type=\"widget\" data-widget_type=\"heading.default\">\n\t\t\t\t<div class=\"elementor-widget-container\">\n\t\t\t<h1 class=\"elementor-heading-title elementor-size-default\">Sua f\u00e1brica antecipando quebras e \u00edndices fora do planejado<\/h1>\t\t<\/div>\n\t\t\t\t<\/div>\n\t\t\t\t<div class=\"elementor-element elementor-element-16a5454 elementor-absolute elementor-widget elementor-widget-image\" data-id=\"16a5454\" data-element_type=\"widget\" data-settings=\"{&quot;_position&quot;:&quot;absolute&quot;}\" data-widget_type=\"image.default\">\n\t\t\t\t<div class=\"elementor-widget-container\">\n\t\t\t\t\t\t\t\t\t\t\t\t\t<img decoding=\"async\" src=\"https:\/\/www.plantsuite.com\/wp-content\/uploads\/2021\/05\/ilustracao-IOT-base.svg\" title=\"ilustracao-IOT-base\" alt=\"PlantSuite IoT\" loading=\"lazy\" \/>\t\t\t\t\t\t\t\t\t\t\t\t\t<\/div>\n\t\t\t\t<\/div>\n\t\t\t\t\t<\/div>\n\t\t<\/div>\n\t\t\t\t\t<\/div>\n\t\t<\/section>\n\t\t\t\t<section class=\"has_eae_slider elementor-section elementor-top-section elementor-element elementor-element-5808f0e8 elementor-section-boxed elementor-section-height-default elementor-section-height-default\" data-id=\"5808f0e8\" data-element_type=\"section\">\n\t\t\t\t\t\t<div class=\"elementor-container elementor-column-gap-no\">\n\t\t\t\t\t<div class=\"has_eae_slider elementor-column elementor-col-100 elementor-top-column elementor-element elementor-element-4d9f5555\" data-id=\"4d9f5555\" data-element_type=\"column\">\n\t\t\t<div class=\"elementor-widget-wrap elementor-element-populated\">\n\t\t\t\t\t\t<div class=\"elementor-element elementor-element-6912d62b elementor-widget elementor-widget-heading\" data-id=\"6912d62b\" data-element_type=\"widget\" data-widget_type=\"heading.default\">\n\t\t\t\t<div class=\"elementor-widget-container\">\n\t\t\t<h4 class=\"elementor-heading-title elementor-size-default\">Atrav\u00e9s do PlantSuite IoT, sua f\u00e1brica aprender\u00e1 com os alarmes e dados de processo, gerados no dia a dia.<\/h4>\t\t<\/div>\n\t\t\t\t<\/div>\n\t\t\t\t<div class=\"elementor-element elementor-element-31e7fd09 elementor-widget elementor-widget-text-editor\" data-id=\"31e7fd09\" data-element_type=\"widget\" data-widget_type=\"text-editor.default\">\n\t\t\t\t<div class=\"elementor-widget-container\">\n\t\t\t\t\t\t\tUtilize a estrutura do PlantSuite IoT e  acrescente mais intelig\u00eancia e facilidade de gest\u00e3o, ao seu processo.\t\t\t\t\t\t<\/div>\n\t\t\t\t<\/div>\n\t\t\t\t\t<\/div>\n\t\t<\/div>\n\t\t\t\t\t<\/div>\n\t\t<\/section>\n\t\t\t\t<section class=\"has_eae_slider elementor-section elementor-top-section elementor-element elementor-element-dbda4fd elementor-section-boxed elementor-section-height-default elementor-section-height-default\" data-id=\"dbda4fd\" data-element_type=\"section\">\n\t\t\t\t\t\t<div class=\"elementor-container elementor-column-gap-no\">\n\t\t\t\t\t<div class=\"has_eae_slider elementor-column elementor-col-100 elementor-top-column elementor-element elementor-element-176444f\" data-id=\"176444f\" data-element_type=\"column\">\n\t\t\t<div class=\"elementor-widget-wrap elementor-element-populated\">\n\t\t\t\t\t\t<div class=\"elementor-element elementor-element-37ac150 elementor-widget elementor-widget-image\" data-id=\"37ac150\" data-element_type=\"widget\" data-widget_type=\"image.default\">\n\t\t\t\t<div class=\"elementor-widget-container\">\n\t\t\t\t\t\t\t\t\t\t\t\t\t<img decoding=\"async\" src=\"https:\/\/www.plantsuite.com\/wp-content\/uploads\/2021\/07\/ilustra-fabrica-iot.svg\" class=\"attachment-large size-large wp-image-3014\" alt=\"PlantSuite IoT\" \/>\t\t\t\t\t\t\t\t\t\t\t\t\t<\/div>\n\t\t\t\t<\/div>\n\t\t\t\t<div class=\"elementor-element elementor-element-b1dda79 elementor-widget elementor-widget-image\" data-id=\"b1dda79\" data-element_type=\"widget\" data-widget_type=\"image.default\">\n\t\t\t\t<div class=\"elementor-widget-container\">\n\t\t\t\t\t\t\t\t\t\t\t\t\t<img fetchpriority=\"high\" decoding=\"async\" width=\"900\" height=\"472\" src=\"https:\/\/www.plantsuite.com\/wp-content\/uploads\/2021\/07\/plantsuite-iot-desktop.png\" class=\"attachment-large size-large wp-image-2919\" alt=\"PlantSuite IoT\" srcset=\"https:\/\/www.plantsuite.com\/wp-content\/uploads\/2021\/07\/plantsuite-iot-desktop.png 900w, https:\/\/www.plantsuite.com\/wp-content\/uploads\/2021\/07\/plantsuite-iot-desktop-768x403.png 768w\" sizes=\"(max-width: 900px) 100vw, 900px\" style=\"width:100%;height:52.44%;max-width:900px\" \/>\t\t\t\t\t\t\t\t\t\t\t\t\t<\/div>\n\t\t\t\t<\/div>\n\t\t\t\t\t<\/div>\n\t\t<\/div>\n\t\t\t\t\t<\/div>\n\t\t<\/section>\n\t\t\t\t<section class=\"has_eae_slider elementor-section elementor-top-section elementor-element elementor-element-1475c94 elementor-section-boxed elementor-section-height-default elementor-section-height-default\" data-id=\"1475c94\" data-element_type=\"section\">\n\t\t\t\t\t\t<div class=\"elementor-container elementor-column-gap-no\">\n\t\t\t\t\t<div class=\"has_eae_slider elementor-column elementor-col-100 elementor-top-column elementor-element elementor-element-8153268\" data-id=\"8153268\" data-element_type=\"column\">\n\t\t\t<div class=\"elementor-widget-wrap elementor-element-populated\">\n\t\t\t\t\t\t<div class=\"elementor-element elementor-element-91475e0 elementor-widget elementor-widget-heading\" data-id=\"91475e0\" data-element_type=\"widget\" data-widget_type=\"heading.default\">\n\t\t\t\t<div class=\"elementor-widget-container\">\n\t\t\t<h2 class=\"elementor-heading-title elementor-size-default\">Acess\u00edvel de qualquer dispositivo.<\/h2>\t\t<\/div>\n\t\t\t\t<\/div>\n\t\t\t\t<div class=\"elementor-element elementor-element-70e4f6c elementor-widget elementor-widget-text-editor\" data-id=\"70e4f6c\" data-element_type=\"widget\" data-widget_type=\"text-editor.default\">\n\t\t\t\t<div class=\"elementor-widget-container\">\n\t\t\t\t\t\t\t<p>Com dados de diversas fontes.<\/p>\t\t\t\t\t\t<\/div>\n\t\t\t\t<\/div>\n\t\t\t\t<div class=\"elementor-element elementor-element-9ea3faf elementor-hidden-phone elementor-widget elementor-widget-image\" data-id=\"9ea3faf\" data-element_type=\"widget\" data-widget_type=\"image.default\">\n\t\t\t\t<div class=\"elementor-widget-container\">\n\t\t\t\t\t\t\t\t\t\t\t\t\t<img decoding=\"async\" width=\"752\" height=\"472\" src=\"https:\/\/www.plantsuite.com\/wp-content\/uploads\/2021\/07\/plantsuite-iot-mobile-md.png\" class=\"attachment-large size-large wp-image-2920\" alt=\"PlantSuite IoT\" style=\"width:100%;height:62.77%;max-width:752px\" \/>\t\t\t\t\t\t\t\t\t\t\t\t\t<\/div>\n\t\t\t\t<\/div>\n\t\t\t\t<div class=\"elementor-element elementor-element-9e5e15d elementor-hidden-desktop elementor-hidden-tablet elementor-widget elementor-widget-image\" data-id=\"9e5e15d\" data-element_type=\"widget\" data-widget_type=\"image.default\">\n\t\t\t\t<div class=\"elementor-widget-container\">\n\t\t\t\t\t\t\t\t\t\t\t\t\t<img decoding=\"async\" width=\"400\" height=\"1040\" src=\"https:\/\/www.plantsuite.com\/wp-content\/uploads\/2021\/07\/plantsuite-iot-mobile-sm.png\" class=\"attachment-large size-large wp-image-2921\" alt=\"PlantSuite IoT\" style=\"width:100%;height:260%;max-width:400px\" \/>\t\t\t\t\t\t\t\t\t\t\t\t\t<\/div>\n\t\t\t\t<\/div>\n\t\t\t\t\t<\/div>\n\t\t<\/div>\n\t\t\t\t\t<\/div>\n\t\t<\/section>\n\t\t\t\t<section class=\"has_eae_slider elementor-section elementor-top-section elementor-element elementor-element-427630ec elementor-section-height-min-height elementor-section-items-top elementor-section-stretched elementor-section-boxed elementor-section-height-default\" data-id=\"427630ec\" data-element_type=\"section\" data-settings=\"{&quot;background_background&quot;:&quot;classic&quot;,&quot;stretch_section&quot;:&quot;section-stretched&quot;}\">\n\t\t\t\t\t\t\t<div class=\"elementor-background-overlay\"><\/div>\n\t\t\t\t\t\t\t<div class=\"elementor-container elementor-column-gap-no\">\n\t\t\t\t\t<div class=\"has_eae_slider elementor-column elementor-col-100 elementor-top-column elementor-element elementor-element-2db66897\" data-id=\"2db66897\" data-element_type=\"column\">\n\t\t\t<div class=\"elementor-widget-wrap elementor-element-populated\">\n\t\t\t\t\t\t<div class=\"elementor-element elementor-element-50ad7267 elementor-widget elementor-widget-spacer\" data-id=\"50ad7267\" data-element_type=\"widget\" data-widget_type=\"spacer.default\">\n\t\t\t\t<div class=\"elementor-widget-container\">\n\t\t\t\t\t<div class=\"elementor-spacer\">\n\t\t\t<div class=\"elementor-spacer-inner\"><\/div>\n\t\t<\/div>\n\t\t\t\t<\/div>\n\t\t\t\t<\/div>\n\t\t\t\t<div class=\"elementor-element elementor-element-2d63a5e8 elementor-widget elementor-widget-image\" data-id=\"2d63a5e8\" data-element_type=\"widget\" data-widget_type=\"image.default\">\n\t\t\t\t<div class=\"elementor-widget-container\">\n\t\t\t\t\t\t\t\t\t\t\t\t\t<img decoding=\"async\" src=\"https:\/\/www.plantsuite.com\/wp-content\/uploads\/2021\/05\/icon-consultant.svg\" title=\"icon-consultant\" alt=\"Nossa consultoria\" loading=\"lazy\" \/>\t\t\t\t\t\t\t\t\t\t\t\t\t<\/div>\n\t\t\t\t<\/div>\n\t\t\t\t<div class=\"elementor-element elementor-element-11466f8 elementor-widget elementor-widget-heading\" data-id=\"11466f8\" data-element_type=\"widget\" data-widget_type=\"heading.default\">\n\t\t\t\t<div class=\"elementor-widget-container\">\n\t\t\t<h2 class=\"elementor-heading-title elementor-size-default\">Fale com um consultor de vendas<\/h2>\t\t<\/div>\n\t\t\t\t<\/div>\n\t\t\t\t<div class=\"elementor-element elementor-element-4e243bc5 elementor-widget elementor-widget-text-editor\" data-id=\"4e243bc5\" data-element_type=\"widget\" data-widget_type=\"text-editor.default\">\n\t\t\t\t<div class=\"elementor-widget-container\">\n\t\t\t\t\t\t\t<p>Possu\u00edmos um time de consultores de venda que esta sempre dispon\u00edvel para avaliar e indicar qual o melhor produto PlantSuite para sua necessidade.<\/p>\t\t\t\t\t\t<\/div>\n\t\t\t\t<\/div>\n\t\t\t\t<div class=\"elementor-element elementor-element-16bd3787 elementor-widget elementor-widget-text-editor\" data-id=\"16bd3787\" data-element_type=\"widget\" data-widget_type=\"text-editor.default\">\n\t\t\t\t<div class=\"elementor-widget-container\">\n\t\t\t\t\t\t\t<p>Que tal marcar uma conversa?<\/p>\t\t\t\t\t\t<\/div>\n\t\t\t\t<\/div>\n\t\t\t\t<div class=\"elementor-element elementor-element-b3ace14 elementor-align-center btn-theme openContato elementor-widget elementor-widget-button\" data-id=\"b3ace14\" data-element_type=\"widget\" data-widget_type=\"button.default\">\n\t\t\t\t<div class=\"elementor-widget-container\">\n\t\t\t\t\t<div class=\"elementor-button-wrapper\">\n\t\t\t<a class=\"elementor-button elementor-size-lg elementor-animation-shrink\" role=\"button\">\n\t\t\t\t\t\t<span class=\"elementor-button-content-wrapper\">\n\t\t\t\t\t\t\t\t\t<span class=\"elementor-button-text\">Entrar em contato<\/span>\n\t\t\t\t\t<\/span>\n\t\t\t\t\t<\/a>\n\t\t<\/div>\n\t\t\t\t<\/div>\n\t\t\t\t<\/div>\n\t\t\t\t\t<\/div>\n\t\t<\/div>\n\t\t\t\t\t<\/div>\n\t\t<\/section>\n\t\t\t\t<\/div>","protected":false},"excerpt":{"rendered":"<p>Sua f\u00e1brica antecipando quebras e \u00edndices fora do planejado E ainda aprender\u00e1 com os alarmes e dados de processo. Conhe\u00e7a o PlantSuite IoT e utilize nossa estrutura para agregar ainda mais intelig\u00eancia ao seu processo. Acess\u00edvel de qualquer dispositivo. Com dados de diversas fontes. Fale com um consultor de vendas Possu\u00edmos um time de consultores&hellip; <a class=\"more-link\" href=\"https:\/\/www.plantsuite.com\/en\/plantsuite-iot\/\">Continue reading <span class=\"screen-reader-text\">PlantSuite IoT<\/span><\/a><\/p>","protected":false},"author":1,"featured_media":138,"parent":0,"menu_order":0,"comment_status":"closed","ping_status":"closed","template":"elementor_header_footer","meta":{"footnotes":""},"folder":[],"yoast_head":"<!-- This site is optimized with the Yoast SEO plugin v22.8 - https:\/\/yoast.com\/wordpress\/plugins\/seo\/ -->\n<title>PlantSuite IoT - Antecipe quebras e \u00edndices fora do planejado<\/title>\n<meta name=\"description\" content=\"Com o PlantSuite IoT sua f\u00e1brica vai antecipar quebras e \u00edndices fora do planejado, e ainda aprender\u00e1 com os alarmes e dados de processo.\" \/>\n<meta name=\"robots\" content=\"index, follow, max-snippet:-1, max-image-preview:large, max-video-preview:-1\" \/>\n<link rel=\"canonical\" href=\"https:\/\/plantsuite.com\/plantsuite-iot\/\" \/>\n<meta property=\"og:locale\" content=\"en_US\" \/>\n<meta property=\"og:type\" content=\"article\" \/>\n<meta property=\"og:title\" content=\"PlantSuite IoT - Antecipe quebras e \u00edndices fora do planejado\" \/>\n<meta property=\"og:description\" content=\"Com o PlantSuite IoT sua f\u00e1brica vai antecipar quebras e \u00edndices fora do planejado, e ainda aprender\u00e1 com os alarmes e dados de processo.\" \/>\n<meta property=\"og:url\" content=\"https:\/\/plantsuite.com\/plantsuite-iot\/\" \/>\n<meta property=\"og:site_name\" content=\"PlantSuite\" \/>\n<meta property=\"article:publisher\" content=\"https:\/\/www.facebook.com\/PlantSuite\" \/>\n<meta property=\"article:modified_time\" content=\"2021-07-28T21:11:41+00:00\" \/>\n<meta property=\"og:image\" content=\"https:\/\/plantsuite.com\/wp-content\/uploads\/2021\/07\/plantsuite-IoT.jpg\" \/>\n\t<meta property=\"og:image:width\" content=\"1400\" \/>\n\t<meta property=\"og:image:height\" content=\"664\" \/>\n\t<meta property=\"og:image:type\" content=\"image\/jpeg\" \/>\n<meta name=\"twitter:card\" content=\"summary_large_image\" \/>\n<meta name=\"twitter:title\" content=\"PlantSuite IoT - Antecipe quebras e \u00edndices fora do planejado\" \/>\n<meta name=\"twitter:description\" content=\"Com o PlantSuite IoT sua f\u00e1brica vai antecipar quebras e \u00edndices fora do planejado, e ainda aprender\u00e1 com os alarmes e dados de processo.\" \/>\n<meta name=\"twitter:image\" content=\"https:\/\/www.plantsuite.com\/wp-content\/uploads\/2021\/07\/plantsuite-IoT.jpg\" \/>\n<meta name=\"twitter:label1\" content=\"Est. reading time\" \/>\n\t<meta name=\"twitter:data1\" content=\"2 minutes\" \/>\n<script type=\"application\/ld+json\" class=\"yoast-schema-graph\">{\"@context\":\"https:\/\/schema.org\",\"@graph\":[{\"@type\":\"WebPage\",\"@id\":\"https:\/\/plantsuite.com\/plantsuite-iot\/\",\"url\":\"https:\/\/plantsuite.com\/plantsuite-iot\/\",\"name\":\"PlantSuite IoT - Antecipe quebras e \u00edndices fora do planejado\",\"isPartOf\":{\"@id\":\"https:\/\/www.plantsuite.com\/#website\"},\"primaryImageOfPage\":{\"@id\":\"https:\/\/plantsuite.com\/plantsuite-iot\/#primaryimage\"},\"image\":{\"@id\":\"https:\/\/plantsuite.com\/plantsuite-iot\/#primaryimage\"},\"thumbnailUrl\":\"https:\/\/www.plantsuite.com\/wp-content\/uploads\/2021\/05\/ilustracao-IOT-base.svg\",\"datePublished\":\"2021-05-14T23:20:00+00:00\",\"dateModified\":\"2021-07-28T21:11:41+00:00\",\"description\":\"Com o PlantSuite IoT sua f\u00e1brica vai antecipar quebras e \u00edndices fora do planejado, e ainda aprender\u00e1 com os alarmes e dados de processo.\",\"breadcrumb\":{\"@id\":\"https:\/\/plantsuite.com\/plantsuite-iot\/#breadcrumb\"},\"inLanguage\":\"en-US\",\"potentialAction\":[{\"@type\":\"ReadAction\",\"target\":[\"https:\/\/plantsuite.com\/plantsuite-iot\/\"]}]},{\"@type\":\"ImageObject\",\"inLanguage\":\"en-US\",\"@id\":\"https:\/\/plantsuite.com\/plantsuite-iot\/#primaryimage\",\"url\":\"https:\/\/www.plantsuite.com\/wp-content\/uploads\/2021\/05\/ilustracao-IOT-base.svg\",\"contentUrl\":\"https:\/\/www.plantsuite.com\/wp-content\/uploads\/2021\/05\/ilustracao-IOT-base.svg\",\"caption\":\"PlantSuite IoT\"},{\"@type\":\"BreadcrumbList\",\"@id\":\"https:\/\/plantsuite.com\/plantsuite-iot\/#breadcrumb\",\"itemListElement\":[{\"@type\":\"ListItem\",\"position\":1,\"name\":\"In\u00edcio\",\"item\":\"https:\/\/www.plantsuite.com\/\"},{\"@type\":\"ListItem\",\"position\":2,\"name\":\"PlantSuite IoT\"}]},{\"@type\":\"WebSite\",\"@id\":\"https:\/\/www.plantsuite.com\/#website\",\"url\":\"https:\/\/www.plantsuite.com\/\",\"name\":\"PlantSuite\",\"description\":\"Produtos MES e IoT\",\"publisher\":{\"@id\":\"https:\/\/www.plantsuite.com\/#organization\"},\"potentialAction\":[{\"@type\":\"SearchAction\",\"target\":{\"@type\":\"EntryPoint\",\"urlTemplate\":\"https:\/\/www.plantsuite.com\/?s={search_term_string}\"},\"query-input\":\"required name=search_term_string\"}],\"inLanguage\":\"en-US\"},{\"@type\":\"Organization\",\"@id\":\"https:\/\/www.plantsuite.com\/#organization\",\"name\":\"PlantSuite Software Ltda\",\"url\":\"https:\/\/www.plantsuite.com\/\",\"logo\":{\"@type\":\"ImageObject\",\"inLanguage\":\"en-US\",\"@id\":\"https:\/\/www.plantsuite.com\/#\/schema\/logo\/image\/\",\"url\":\"https:\/\/plantsuite.com\/wp-content\/uploads\/2021\/05\/logotipo-plantsuite.svg\",\"contentUrl\":\"https:\/\/plantsuite.com\/wp-content\/uploads\/2021\/05\/logotipo-plantsuite.svg\",\"width\":1,\"height\":1,\"caption\":\"PlantSuite Software Ltda\"},\"image\":{\"@id\":\"https:\/\/www.plantsuite.com\/#\/schema\/logo\/image\/\"},\"sameAs\":[\"https:\/\/www.facebook.com\/PlantSuite\",\"https:\/\/www.instagram.com\/plantsuitesoftware\/\",\"https:\/\/www.linkedin.com\/company\/plantsuite\/\"]}]}<\/script>\n<!-- \/ Yoast SEO plugin. -->","yoast_head_json":{"title":"PlantSuite IoT - Antecipe quebras e \u00edndices fora do planejado","description":"Com o PlantSuite IoT sua f\u00e1brica vai antecipar quebras e \u00edndices fora do planejado, e ainda aprender\u00e1 com os alarmes e dados de processo.","robots":{"index":"index","follow":"follow","max-snippet":"max-snippet:-1","max-image-preview":"max-image-preview:large","max-video-preview":"max-video-preview:-1"},"canonical":"https:\/\/plantsuite.com\/plantsuite-iot\/","og_locale":"en_US","og_type":"article","og_title":"PlantSuite IoT - Antecipe quebras e \u00edndices fora do planejado","og_description":"Com o PlantSuite IoT sua f\u00e1brica vai antecipar quebras e \u00edndices fora do planejado, e ainda aprender\u00e1 com os alarmes e dados de processo.","og_url":"https:\/\/plantsuite.com\/plantsuite-iot\/","og_site_name":"PlantSuite","article_publisher":"https:\/\/www.facebook.com\/PlantSuite","article_modified_time":"2021-07-28T21:11:41+00:00","og_image":[{"width":1400,"height":664,"url":"https:\/\/plantsuite.com\/wp-content\/uploads\/2021\/07\/plantsuite-IoT.jpg","type":"image\/jpeg"}],"twitter_card":"summary_large_image","twitter_title":"PlantSuite IoT - Antecipe quebras e \u00edndices fora do planejado","twitter_description":"Com o PlantSuite IoT sua f\u00e1brica vai antecipar quebras e \u00edndices fora do planejado, e ainda aprender\u00e1 com os alarmes e dados de processo.","twitter_image":"https:\/\/www.plantsuite.com\/wp-content\/uploads\/2021\/07\/plantsuite-IoT.jpg","twitter_misc":{"Est. reading time":"2 minutes"},"schema":{"@context":"https:\/\/schema.org","@graph":[{"@type":"WebPage","@id":"https:\/\/plantsuite.com\/plantsuite-iot\/","url":"https:\/\/plantsuite.com\/plantsuite-iot\/","name":"PlantSuite IoT - Antecipe quebras e \u00edndices fora do planejado","isPartOf":{"@id":"https:\/\/www.plantsuite.com\/#website"},"primaryImageOfPage":{"@id":"https:\/\/plantsuite.com\/plantsuite-iot\/#primaryimage"},"image":{"@id":"https:\/\/plantsuite.com\/plantsuite-iot\/#primaryimage"},"thumbnailUrl":"https:\/\/www.plantsuite.com\/wp-content\/uploads\/2021\/05\/ilustracao-IOT-base.svg","datePublished":"2021-05-14T23:20:00+00:00","dateModified":"2021-07-28T21:11:41+00:00","description":"Com o PlantSuite IoT sua f\u00e1brica vai antecipar quebras e \u00edndices fora do planejado, e ainda aprender\u00e1 com os alarmes e dados de processo.","breadcrumb":{"@id":"https:\/\/plantsuite.com\/plantsuite-iot\/#breadcrumb"},"inLanguage":"en-US","potentialAction":[{"@type":"ReadAction","target":["https:\/\/plantsuite.com\/plantsuite-iot\/"]}]},{"@type":"ImageObject","inLanguage":"en-US","@id":"https:\/\/plantsuite.com\/plantsuite-iot\/#primaryimage","url":"https:\/\/www.plantsuite.com\/wp-content\/uploads\/2021\/05\/ilustracao-IOT-base.svg","contentUrl":"https:\/\/www.plantsuite.com\/wp-content\/uploads\/2021\/05\/ilustracao-IOT-base.svg","caption":"PlantSuite IoT"},{"@type":"BreadcrumbList","@id":"https:\/\/plantsuite.com\/plantsuite-iot\/#breadcrumb","itemListElement":[{"@type":"ListItem","position":1,"name":"In\u00edcio","item":"https:\/\/www.plantsuite.com\/"},{"@type":"ListItem","position":2,"name":"PlantSuite IoT"}]},{"@type":"WebSite","@id":"https:\/\/www.plantsuite.com\/#website","url":"https:\/\/www.plantsuite.com\/","name":"PlantSuite","description":"Produtos MES e IoT","publisher":{"@id":"https:\/\/www.plantsuite.com\/#organization"},"potentialAction":[{"@type":"SearchAction","target":{"@type":"EntryPoint","urlTemplate":"https:\/\/www.plantsuite.com\/?s={search_term_string}"},"query-input":"required name=search_term_string"}],"inLanguage":"en-US"},{"@type":"Organization","@id":"https:\/\/www.plantsuite.com\/#organization","name":"PlantSuite Software Ltda","url":"https:\/\/www.plantsuite.com\/","logo":{"@type":"ImageObject","inLanguage":"en-US","@id":"https:\/\/www.plantsuite.com\/#\/schema\/logo\/image\/","url":"https:\/\/plantsuite.com\/wp-content\/uploads\/2021\/05\/logotipo-plantsuite.svg","contentUrl":"https:\/\/plantsuite.com\/wp-content\/uploads\/2021\/05\/logotipo-plantsuite.svg","width":1,"height":1,"caption":"PlantSuite Software Ltda"},"image":{"@id":"https:\/\/www.plantsuite.com\/#\/schema\/logo\/image\/"},"sameAs":["https:\/\/www.facebook.com\/PlantSuite","https:\/\/www.instagram.com\/plantsuitesoftware\/","https:\/\/www.linkedin.com\/company\/plantsuite\/"]}]}},"_links":{"self":[{"href":"https:\/\/www.plantsuite.com\/en\/wp-json\/wp\/v2\/pages\/2426"}],"collection":[{"href":"https:\/\/www.plantsuite.com\/en\/wp-json\/wp\/v2\/pages"}],"about":[{"href":"https:\/\/www.plantsuite.com\/en\/wp-json\/wp\/v2\/types\/page"}],"author":[{"embeddable":true,"href":"https:\/\/www.plantsuite.com\/en\/wp-json\/wp\/v2\/users\/1"}],"replies":[{"embeddable":true,"href":"https:\/\/www.plantsuite.com\/en\/wp-json\/wp\/v2\/comments?post=2426"}],"version-history":[{"count":10,"href":"https:\/\/www.plantsuite.com\/en\/wp-json\/wp\/v2\/pages\/2426\/revisions"}],"predecessor-version":[{"id":3679,"href":"https:\/\/www.plantsuite.com\/en\/wp-json\/wp\/v2\/pages\/2426\/revisions\/3679"}],"wp:featuredmedia":[{"embeddable":true,"href":"https:\/\/www.plantsuite.com\/en\/wp-json\/wp\/v2\/media\/138"}],"wp:attachment":[{"href":"https:\/\/www.plantsuite.com\/en\/wp-json\/wp\/v2\/media?parent=2426"}],"wp:term":[{"taxonomy":"folder","embeddable":true,"href":"https:\/\/www.plantsuite.com\/en\/wp-json\/wp\/v2\/folder?post=2426"}],"curies":[{"name":"wp","href":"https:\/\/api.w.org\/{rel}","templated":true}]}}