{"id":2466,"date":"2021-06-24T09:13:42","date_gmt":"2021-06-24T12:13:42","guid":{"rendered":"https:\/\/sitedev.plantsuite.com\/?page_id=2466"},"modified":"2024-12-05T14:20:49","modified_gmt":"2024-12-05T17:20:49","slug":"trabalhar-conosco","status":"publish","type":"page","link":"https:\/\/www.plantsuite.com\/en\/trabalhar-conosco\/","title":{"rendered":"Trabalhe Conosco"},"content":{"rendered":"<div data-elementor-type=\"wp-page\" data-elementor-id=\"2466\" class=\"elementor elementor-2466\" data-elementor-post-type=\"page\">\n\t\t\t\t\t\t<section class=\"has_eae_slider elementor-section elementor-top-section elementor-element elementor-element-be03db8 elementor-section-boxed elementor-section-height-default elementor-section-height-default\" data-id=\"be03db8\" data-element_type=\"section\">\n\t\t\t\t\t\t<div class=\"elementor-container elementor-column-gap-no\">\n\t\t\t\t\t<div class=\"has_eae_slider elementor-column elementor-col-100 elementor-top-column elementor-element elementor-element-a759e35\" data-id=\"a759e35\" data-element_type=\"column\">\n\t\t\t<div class=\"elementor-widget-wrap elementor-element-populated\">\n\t\t\t\t\t\t<div class=\"elementor-element elementor-element-f2790dd elementor-widget elementor-widget-heading\" data-id=\"f2790dd\" data-element_type=\"widget\" data-widget_type=\"heading.default\">\n\t\t\t\t<div class=\"elementor-widget-container\">\n\t\t\t<h2 class=\"elementor-heading-title elementor-size-default\">Fa\u00e7a parte do time PlantSuite!<\/h2>\t\t<\/div>\n\t\t\t\t<\/div>\n\t\t\t\t<div class=\"elementor-element elementor-element-6086cc6 elementor-widget elementor-widget-text-editor\" data-id=\"6086cc6\" data-element_type=\"widget\" data-widget_type=\"text-editor.default\">\n\t\t\t\t<div class=\"elementor-widget-container\">\n\t\t\t\t\t\t\tPara trabalhar conosco os profissionais precisam ser criativos, din\u00e2micos, ter iniciativa, aceitar desafios e saber atuar em equipe. Venha inovar com a gente!\t\t\t\t\t\t<\/div>\n\t\t\t\t<\/div>\n\t\t\t\t<div class=\"elementor-element elementor-element-bafa9d6 elementor-widget elementor-widget-spacer\" data-id=\"bafa9d6\" data-element_type=\"widget\" data-widget_type=\"spacer.default\">\n\t\t\t\t<div class=\"elementor-widget-container\">\n\t\t\t\t\t<div class=\"elementor-spacer\">\n\t\t\t<div class=\"elementor-spacer-inner\"><\/div>\n\t\t<\/div>\n\t\t\t\t<\/div>\n\t\t\t\t<\/div>\n\t\t\t\t<div class=\"elementor-element elementor-element-29fd5db elementor-hidden-phone elementor-widget elementor-widget-image\" data-id=\"29fd5db\" data-element_type=\"widget\" data-widget_type=\"image.default\">\n\t\t\t\t<div class=\"elementor-widget-container\">\n\t\t\t\t\t\t\t\t\t\t\t\t\t<img fetchpriority=\"high\" decoding=\"async\" width=\"1200\" height=\"738\" src=\"https:\/\/www.plantsuite.com\/wp-content\/uploads\/2021\/06\/plantsuite-trabalhe-conosco-lg.jpg\" class=\"attachment-large size-large wp-image-2791\" alt=\"Trabalhe Conosco - Time PlantSuite\" srcset=\"https:\/\/www.plantsuite.com\/wp-content\/uploads\/2021\/06\/plantsuite-trabalhe-conosco-lg.jpg 1200w, https:\/\/www.plantsuite.com\/wp-content\/uploads\/2021\/06\/plantsuite-trabalhe-conosco-lg-768x472.jpg 768w\" sizes=\"(max-width: 1200px) 100vw, 1200px\" style=\"width:100%;height:61.5%;max-width:1200px\" \/>\t\t\t\t\t\t\t\t\t\t\t\t\t<\/div>\n\t\t\t\t<\/div>\n\t\t\t\t<div class=\"elementor-element elementor-element-5adf545 elementor-hidden-desktop elementor-hidden-tablet elementor-widget elementor-widget-image\" data-id=\"5adf545\" data-element_type=\"widget\" data-widget_type=\"image.default\">\n\t\t\t\t<div class=\"elementor-widget-container\">\n\t\t\t\t\t\t\t\t\t\t\t\t\t<img decoding=\"async\" width=\"768\" height=\"780\" src=\"https:\/\/www.plantsuite.com\/wp-content\/uploads\/2021\/06\/plantsuite-trabalhe-conosco-sm.jpg\" class=\"attachment-large size-large wp-image-2792\" alt=\"Trabalhe Conosco - Time PlantSuite\" style=\"width:100%;height:101.56%;max-width:768px\" \/>\t\t\t\t\t\t\t\t\t\t\t\t\t<\/div>\n\t\t\t\t<\/div>\n\t\t\t\t\t<\/div>\n\t\t<\/div>\n\t\t\t\t\t<\/div>\n\t\t<\/section>\n\t\t\t\t<section class=\"has_eae_slider elementor-section elementor-top-section elementor-element elementor-element-26ac9f1 elementor-section-full_width elementor-section-stretched elementor-section-height-default elementor-section-height-default\" data-id=\"26ac9f1\" data-element_type=\"section\" data-settings=\"{&quot;stretch_section&quot;:&quot;section-stretched&quot;}\">\n\t\t\t\t\t\t<div class=\"elementor-container elementor-column-gap-no\">\n\t\t\t\t\t<div class=\"has_eae_slider elementor-column elementor-col-100 elementor-top-column elementor-element elementor-element-dc21033\" data-id=\"dc21033\" data-element_type=\"column\" data-settings=\"{&quot;background_background&quot;:&quot;classic&quot;}\">\n\t\t\t<div class=\"elementor-widget-wrap elementor-element-populated\">\n\t\t\t\t\t\t<div class=\"elementor-element elementor-element-e83434a elementor-widget elementor-widget-heading\" data-id=\"e83434a\" data-element_type=\"widget\" data-widget_type=\"heading.default\">\n\t\t\t\t<div class=\"elementor-widget-container\">\n\t\t\t<h2 class=\"elementor-heading-title elementor-size-default\">Conhe\u00e7a as nossas oportunidades<\/h2>\t\t<\/div>\n\t\t\t\t<\/div>\n\t\t\t\t<div class=\"elementor-element elementor-element-7baa790 elementor-widget elementor-widget-text-editor\" data-id=\"7baa790\" data-element_type=\"widget\" data-widget_type=\"text-editor.default\">\n\t\t\t\t<div class=\"elementor-widget-container\">\n\t\t\t\t\t\t\t<h6>Interessados, enviar curr\u00edculo para o e-mail <i><b><u>carreira@plantsuite.com<\/u><\/b><\/i> contendo no assunto o c\u00f3digo da vaga.<\/h6>\t\t\t\t\t\t<\/div>\n\t\t\t\t<\/div>\n\t\t\t\t<section class=\"has_eae_slider elementor-section elementor-inner-section elementor-element elementor-element-f942334 elementor-section-height-min-height elementor-section-content-top elementor-section-boxed elementor-section-height-default\" data-id=\"f942334\" data-element_type=\"section\" data-settings=\"{&quot;background_background&quot;:&quot;classic&quot;}\">\n\t\t\t\t\t\t<div class=\"elementor-container elementor-column-gap-no\">\n\t\t\t\t\t<div class=\"has_eae_slider elementor-column elementor-col-33 elementor-inner-column elementor-element elementor-element-9f31d46\" data-id=\"9f31d46\" data-element_type=\"column\" data-settings=\"{&quot;background_background&quot;:&quot;classic&quot;}\">\n\t\t\t<div class=\"elementor-widget-wrap elementor-element-populated\">\n\t\t\t\t\t\t<div class=\"elementor-element elementor-element-d9270c3 elementor-widget elementor-widget-heading\" data-id=\"d9270c3\" data-element_type=\"widget\" data-widget_type=\"heading.default\">\n\t\t\t\t<div class=\"elementor-widget-container\">\n\t\t\t<h6 class=\"elementor-heading-title elementor-size-default\">Desenvolvedor Front End<\/h6>\t\t<\/div>\n\t\t\t\t<\/div>\n\t\t\t\t<div class=\"elementor-element elementor-element-edf3160 elementor-widget elementor-widget-heading\" data-id=\"edf3160\" data-element_type=\"widget\" data-widget_type=\"heading.default\">\n\t\t\t\t<div class=\"elementor-widget-container\">\n\t\t\t<div class=\"elementor-heading-title elementor-size-default\">C\u00f3d: VGFRONTEND<\/div>\t\t<\/div>\n\t\t\t\t<\/div>\n\t\t\t\t<div class=\"elementor-element elementor-element-4346951 elementor-widget elementor-widget-heading\" data-id=\"4346951\" data-element_type=\"widget\" data-widget_type=\"heading.default\">\n\t\t\t\t<div class=\"elementor-widget-container\">\n\t\t\t<h6 class=\"elementor-heading-title elementor-size-default\">Requisitos t\u00e9cnicos:<\/h6>\t\t<\/div>\n\t\t\t\t<\/div>\n\t\t\t\t<div class=\"elementor-element elementor-element-d86e1ba elementor-widget elementor-widget-text-editor\" data-id=\"d86e1ba\" data-element_type=\"widget\" data-widget_type=\"text-editor.default\">\n\t\t\t\t<div class=\"elementor-widget-container\">\n\t\t\t\t\t\t\t<ul><li>Ter atuado em projetos utilizando AzureDevOps e Scrum;<\/li><li>Experi\u00eancia em <span style=\"background-color: var(--global--color-background); color: var(--global--color-primary); font-family: var(--global--font-secondary); font-size: var(--global--font-size-base);\">Angular +8;<\/span><\/li><li>Experi\u00eancia em HTML5;<\/li><li>Experi\u00eancia com Bootstrap e CSS4;<\/li><li>Experi\u00eancia em Javascript;<\/li><li>Viv\u00eancia com API&#8217;s Rest;<\/li><li>Dom\u00ednio no manuseio de reposit\u00f3rios Git;<\/li><li>SEO e Acessibilidade;<\/li><li>Ter atuado com projetos em Visual Code, .NETCore;<\/li><\/ul>\t\t\t\t\t\t<\/div>\n\t\t\t\t<\/div>\n\t\t\t\t\t<\/div>\n\t\t<\/div>\n\t\t\t\t<div class=\"has_eae_slider elementor-column elementor-col-33 elementor-inner-column elementor-element elementor-element-a6b6b4a\" data-id=\"a6b6b4a\" data-element_type=\"column\" data-settings=\"{&quot;background_background&quot;:&quot;classic&quot;}\">\n\t\t\t<div class=\"elementor-widget-wrap elementor-element-populated\">\n\t\t\t\t\t\t<div class=\"elementor-element elementor-element-fe73dfc elementor-widget elementor-widget-heading\" data-id=\"fe73dfc\" data-element_type=\"widget\" data-widget_type=\"heading.default\">\n\t\t\t\t<div class=\"elementor-widget-container\">\n\t\t\t<h6 class=\"elementor-heading-title elementor-size-default\">Desenvolvedor Back End<\/h6>\t\t<\/div>\n\t\t\t\t<\/div>\n\t\t\t\t<div class=\"elementor-element elementor-element-fa43661 elementor-widget elementor-widget-heading\" data-id=\"fa43661\" data-element_type=\"widget\" data-widget_type=\"heading.default\">\n\t\t\t\t<div class=\"elementor-widget-container\">\n\t\t\t<div class=\"elementor-heading-title elementor-size-default\">C\u00f3d.: VGBACKEND<\/div>\t\t<\/div>\n\t\t\t\t<\/div>\n\t\t\t\t<div class=\"elementor-element elementor-element-e1f0c5c elementor-widget elementor-widget-heading\" data-id=\"e1f0c5c\" data-element_type=\"widget\" data-widget_type=\"heading.default\">\n\t\t\t\t<div class=\"elementor-widget-container\">\n\t\t\t<h6 class=\"elementor-heading-title elementor-size-default\">Requisitos t\u00e9cnicos:<\/h6>\t\t<\/div>\n\t\t\t\t<\/div>\n\t\t\t\t<div class=\"elementor-element elementor-element-1c438a8 elementor-widget elementor-widget-text-editor\" data-id=\"1c438a8\" data-element_type=\"widget\" data-widget_type=\"text-editor.default\">\n\t\t\t\t<div class=\"elementor-widget-container\">\n\t\t\t\t\t\t\t<ul><li>Ter atuado em projetos utilizando AzureDevOps e Scrum;<\/li><li>Conhecimento em Solu\u00e7\u00f5es em nuvem;<\/li><li>Conhecimentos em bancos de dados n\u00e3o relacionais;<\/li><li>Conhecimento em ferramentas de APM;<\/li><li>Experi\u00eancia em solu\u00e7\u00f5es de mensageria (AMQP, MQTT);<\/li><li>Experi\u00eancia em aplica\u00e7\u00f5es em Docker;<\/li><li>Experi\u00eancia em Infra as code;<\/li><li>Dom\u00ednio no manuseio de reposit\u00f3rios Git;<\/li><li>Conhecimento em bancos de dados relacionais como SQL Server;<\/li><li>No\u00e7\u00f5es de desenvolvimento seguro;<\/li><li>Pr\u00e1ticas de CI\/CD;<\/li><li>Design patterns;<\/li><li>Experi\u00eancia com cache;<\/li><li>Dom\u00ednio no levantamento de requisitos funcionais e n\u00e3o funcionais;<\/li><li>Experi\u00eancia em troubleshooting com ferramentas de monitora\u00e7\u00e3o;<\/li><li>Dom\u00ednio no desenvolvimento de aplica\u00e7\u00f5es em .NETCore;<\/li><li>Experi\u00eancia na cria\u00e7\u00e3o de testes automatizados (unit\u00e1rios e integrados);<\/li><li>Conhecimento em padr\u00f5es de arquitetura monol\u00edtica, distribu\u00edda e microservices;<\/li><li>Experi\u00eancia no suporte e sustenta\u00e7\u00e3o de ambientes cr\u00edticos;<\/li><\/ul>\t\t\t\t\t\t<\/div>\n\t\t\t\t<\/div>\n\t\t\t\t\t<\/div>\n\t\t<\/div>\n\t\t\t\t<div class=\"has_eae_slider elementor-column elementor-col-33 elementor-inner-column elementor-element elementor-element-febb426\" data-id=\"febb426\" data-element_type=\"column\" data-settings=\"{&quot;background_background&quot;:&quot;classic&quot;}\">\n\t\t\t<div class=\"elementor-widget-wrap elementor-element-populated\">\n\t\t\t\t\t\t<div class=\"elementor-element elementor-element-c4a6c67 elementor-widget elementor-widget-heading\" data-id=\"c4a6c67\" data-element_type=\"widget\" data-widget_type=\"heading.default\">\n\t\t\t\t<div class=\"elementor-widget-container\">\n\t\t\t<h6 class=\"elementor-heading-title elementor-size-default\">Quality Assurance &amp; Software Tester <\/h6>\t\t<\/div>\n\t\t\t\t<\/div>\n\t\t\t\t<div class=\"elementor-element elementor-element-5e76793 elementor-widget elementor-widget-heading\" data-id=\"5e76793\" data-element_type=\"widget\" data-widget_type=\"heading.default\">\n\t\t\t\t<div class=\"elementor-widget-container\">\n\t\t\t<div class=\"elementor-heading-title elementor-size-default\">C\u00f3d.: VGQA<\/div>\t\t<\/div>\n\t\t\t\t<\/div>\n\t\t\t\t<div class=\"elementor-element elementor-element-6d7c5a8 elementor-widget elementor-widget-heading\" data-id=\"6d7c5a8\" data-element_type=\"widget\" data-widget_type=\"heading.default\">\n\t\t\t\t<div class=\"elementor-widget-container\">\n\t\t\t<h6 class=\"elementor-heading-title elementor-size-default\">Requisitos t\u00e9cnicos:<\/h6>\t\t<\/div>\n\t\t\t\t<\/div>\n\t\t\t\t<div class=\"elementor-element elementor-element-ae08b32 elementor-widget elementor-widget-text-editor\" data-id=\"ae08b32\" data-element_type=\"widget\" data-widget_type=\"text-editor.default\">\n\t\t\t\t<div class=\"elementor-widget-container\">\n\t\t\t\t\t\t\t<ul type=\"disc\"><li>Experi\u00eancia com QA: automa\u00e7\u00e3o de testes e documenta\u00e7\u00e3o.<\/li><li>Conhecimento pr\u00e1tico em trabalhar com ferramentas de automa\u00e7\u00e3o como Protractor, Selenium, JMeter e etc.<\/li><li>Conhecimentos sobre estrutura HTML, DOM e API.<\/li><li>Experi\u00eancia com ferramentas APM padr\u00f5es de mercado como Elastic, NewRelic, Datadog, AppDynamics e etc.<\/li><li>Experi\u00eancia em trabalhar com metodologias \u00e1geis e CI\/CD.<\/li><li>Experi\u00eancia com desenvolvimento de software (C#, Angular, SQL, Mongo, RabbitMQ).<\/li><li>Experi\u00eancia com ambientes virtualizados e instala\u00e7\u00e3o de sistemas.<\/li><\/ul>\t\t\t\t\t\t<\/div>\n\t\t\t\t<\/div>\n\t\t\t\t\t<\/div>\n\t\t<\/div>\n\t\t\t\t\t<\/div>\n\t\t<\/section>\n\t\t\t\t\t<\/div>\n\t\t<\/div>\n\t\t\t\t\t<\/div>\n\t\t<\/section>\n\t\t\t\t<\/div>","protected":false},"excerpt":{"rendered":"<p>Fa\u00e7a parte do time PlantSuite! Para trabalhar conosco os profissionais precisam ser criativos, din\u00e2micos, ter iniciativa, aceitar desafios e saber atuar em equipe. Venha inovar com a gente! Conhe\u00e7a as nossas oportunidades Interessados, enviar curr\u00edculo para o e-mail carreira@plantsuite.com contendo no assunto o c\u00f3digo da vaga. Desenvolvedor Front End C\u00f3d: VGFRONTEND Requisitos t\u00e9cnicos: Ter atuado&hellip; <a class=\"more-link\" href=\"https:\/\/www.plantsuite.com\/en\/trabalhar-conosco\/\">Continue reading <span class=\"screen-reader-text\">Trabalhe Conosco<\/span><\/a><\/p>","protected":false},"author":1,"featured_media":2791,"parent":0,"menu_order":0,"comment_status":"closed","ping_status":"closed","template":"","meta":{"footnotes":""},"folder":[],"yoast_head":"<!-- This site is optimized with the Yoast SEO plugin v22.8 - https:\/\/yoast.com\/wordpress\/plugins\/seo\/ -->\n<title>Trabalhe Conosco - Fa\u00e7a parte do time PlantSuite!<\/title>\n<meta name=\"description\" content=\"Para trabalhar conosco os profissionais precisam ser criativos, din\u00e2micos, ter iniciativa, aceitar desafios e saber atuar em equipe.\" \/>\n<meta name=\"robots\" content=\"index, follow, max-snippet:-1, max-image-preview:large, max-video-preview:-1\" \/>\n<link rel=\"canonical\" href=\"https:\/\/plantsuite.com\/trabalhar-conosco\/\" \/>\n<meta property=\"og:locale\" content=\"en_US\" \/>\n<meta property=\"og:type\" content=\"article\" \/>\n<meta property=\"og:title\" content=\"Trabalhe Conosco - Fa\u00e7a parte do time PlantSuite!\" \/>\n<meta property=\"og:description\" content=\"Para trabalhar conosco os profissionais precisam ser criativos, din\u00e2micos, ter iniciativa, aceitar desafios e saber atuar em equipe.\" \/>\n<meta property=\"og:url\" content=\"https:\/\/plantsuite.com\/trabalhar-conosco\/\" \/>\n<meta property=\"og:site_name\" content=\"PlantSuite\" \/>\n<meta property=\"article:publisher\" content=\"https:\/\/www.facebook.com\/PlantSuite\" \/>\n<meta property=\"article:modified_time\" content=\"2024-12-05T17:20:49+00:00\" \/>\n<meta property=\"og:image\" content=\"https:\/\/plantsuite.com\/wp-content\/uploads\/2021\/07\/plantsuite-trabalheconosco.jpg\" \/>\n\t<meta property=\"og:image:width\" content=\"1400\" \/>\n\t<meta property=\"og:image:height\" content=\"664\" \/>\n\t<meta property=\"og:image:type\" content=\"image\/jpeg\" \/>\n<meta name=\"twitter:card\" content=\"summary_large_image\" \/>\n<meta name=\"twitter:title\" content=\"Trabalhe Conosco - Fa\u00e7a parte do time PlantSuite!\" \/>\n<meta name=\"twitter:description\" content=\"Para trabalhar conosco os profissionais precisam ser criativos, din\u00e2micos, ter iniciativa, aceitar desafios e saber atuar em equipe.\" \/>\n<meta name=\"twitter:image\" content=\"https:\/\/www.plantsuite.com\/wp-content\/uploads\/2021\/07\/plantsuite-trabalheconosco.jpg\" \/>\n<meta name=\"twitter:label1\" content=\"Est. reading time\" \/>\n\t<meta name=\"twitter:data1\" content=\"3 minutes\" \/>\n<script type=\"application\/ld+json\" class=\"yoast-schema-graph\">{\"@context\":\"https:\/\/schema.org\",\"@graph\":[{\"@type\":\"WebPage\",\"@id\":\"https:\/\/plantsuite.com\/trabalhar-conosco\/\",\"url\":\"https:\/\/plantsuite.com\/trabalhar-conosco\/\",\"name\":\"Trabalhe Conosco - Fa\u00e7a parte do time PlantSuite!\",\"isPartOf\":{\"@id\":\"https:\/\/www.plantsuite.com\/#website\"},\"primaryImageOfPage\":{\"@id\":\"https:\/\/plantsuite.com\/trabalhar-conosco\/#primaryimage\"},\"image\":{\"@id\":\"https:\/\/plantsuite.com\/trabalhar-conosco\/#primaryimage\"},\"thumbnailUrl\":\"https:\/\/www.plantsuite.com\/wp-content\/uploads\/2021\/06\/plantsuite-trabalhe-conosco-lg.jpg\",\"datePublished\":\"2021-06-24T12:13:42+00:00\",\"dateModified\":\"2024-12-05T17:20:49+00:00\",\"description\":\"Para trabalhar conosco os profissionais precisam ser criativos, din\u00e2micos, ter iniciativa, aceitar desafios e saber atuar em equipe.\",\"breadcrumb\":{\"@id\":\"https:\/\/plantsuite.com\/trabalhar-conosco\/#breadcrumb\"},\"inLanguage\":\"en-US\",\"potentialAction\":[{\"@type\":\"ReadAction\",\"target\":[\"https:\/\/plantsuite.com\/trabalhar-conosco\/\"]}]},{\"@type\":\"ImageObject\",\"inLanguage\":\"en-US\",\"@id\":\"https:\/\/plantsuite.com\/trabalhar-conosco\/#primaryimage\",\"url\":\"https:\/\/www.plantsuite.com\/wp-content\/uploads\/2021\/06\/plantsuite-trabalhe-conosco-lg.jpg\",\"contentUrl\":\"https:\/\/www.plantsuite.com\/wp-content\/uploads\/2021\/06\/plantsuite-trabalhe-conosco-lg.jpg\",\"width\":1200,\"height\":738,\"caption\":\"Trabalhe Conosco - Time PlantSuite\"},{\"@type\":\"BreadcrumbList\",\"@id\":\"https:\/\/plantsuite.com\/trabalhar-conosco\/#breadcrumb\",\"itemListElement\":[{\"@type\":\"ListItem\",\"position\":1,\"name\":\"In\u00edcio\",\"item\":\"https:\/\/www.plantsuite.com\/\"},{\"@type\":\"ListItem\",\"position\":2,\"name\":\"Trabalhe Conosco\"}]},{\"@type\":\"WebSite\",\"@id\":\"https:\/\/www.plantsuite.com\/#website\",\"url\":\"https:\/\/www.plantsuite.com\/\",\"name\":\"PlantSuite\",\"description\":\"Produtos MES e IoT\",\"publisher\":{\"@id\":\"https:\/\/www.plantsuite.com\/#organization\"},\"potentialAction\":[{\"@type\":\"SearchAction\",\"target\":{\"@type\":\"EntryPoint\",\"urlTemplate\":\"https:\/\/www.plantsuite.com\/?s={search_term_string}\"},\"query-input\":\"required name=search_term_string\"}],\"inLanguage\":\"en-US\"},{\"@type\":\"Organization\",\"@id\":\"https:\/\/www.plantsuite.com\/#organization\",\"name\":\"PlantSuite Software Ltda\",\"url\":\"https:\/\/www.plantsuite.com\/\",\"logo\":{\"@type\":\"ImageObject\",\"inLanguage\":\"en-US\",\"@id\":\"https:\/\/www.plantsuite.com\/#\/schema\/logo\/image\/\",\"url\":\"https:\/\/plantsuite.com\/wp-content\/uploads\/2021\/05\/logotipo-plantsuite.svg\",\"contentUrl\":\"https:\/\/plantsuite.com\/wp-content\/uploads\/2021\/05\/logotipo-plantsuite.svg\",\"width\":1,\"height\":1,\"caption\":\"PlantSuite Software Ltda\"},\"image\":{\"@id\":\"https:\/\/www.plantsuite.com\/#\/schema\/logo\/image\/\"},\"sameAs\":[\"https:\/\/www.facebook.com\/PlantSuite\",\"https:\/\/www.instagram.com\/plantsuitesoftware\/\",\"https:\/\/www.linkedin.com\/company\/plantsuite\/\"]}]}<\/script>\n<!-- \/ Yoast SEO plugin. -->","yoast_head_json":{"title":"Trabalhe Conosco - Fa\u00e7a parte do time PlantSuite!","description":"Para trabalhar conosco os profissionais precisam ser criativos, din\u00e2micos, ter iniciativa, aceitar desafios e saber atuar em equipe.","robots":{"index":"index","follow":"follow","max-snippet":"max-snippet:-1","max-image-preview":"max-image-preview:large","max-video-preview":"max-video-preview:-1"},"canonical":"https:\/\/plantsuite.com\/trabalhar-conosco\/","og_locale":"en_US","og_type":"article","og_title":"Trabalhe Conosco - Fa\u00e7a parte do time PlantSuite!","og_description":"Para trabalhar conosco os profissionais precisam ser criativos, din\u00e2micos, ter iniciativa, aceitar desafios e saber atuar em equipe.","og_url":"https:\/\/plantsuite.com\/trabalhar-conosco\/","og_site_name":"PlantSuite","article_publisher":"https:\/\/www.facebook.com\/PlantSuite","article_modified_time":"2024-12-05T17:20:49+00:00","og_image":[{"width":1400,"height":664,"url":"https:\/\/plantsuite.com\/wp-content\/uploads\/2021\/07\/plantsuite-trabalheconosco.jpg","type":"image\/jpeg"}],"twitter_card":"summary_large_image","twitter_title":"Trabalhe Conosco - Fa\u00e7a parte do time PlantSuite!","twitter_description":"Para trabalhar conosco os profissionais precisam ser criativos, din\u00e2micos, ter iniciativa, aceitar desafios e saber atuar em equipe.","twitter_image":"https:\/\/www.plantsuite.com\/wp-content\/uploads\/2021\/07\/plantsuite-trabalheconosco.jpg","twitter_misc":{"Est. reading time":"3 minutes"},"schema":{"@context":"https:\/\/schema.org","@graph":[{"@type":"WebPage","@id":"https:\/\/plantsuite.com\/trabalhar-conosco\/","url":"https:\/\/plantsuite.com\/trabalhar-conosco\/","name":"Trabalhe Conosco - Fa\u00e7a parte do time PlantSuite!","isPartOf":{"@id":"https:\/\/www.plantsuite.com\/#website"},"primaryImageOfPage":{"@id":"https:\/\/plantsuite.com\/trabalhar-conosco\/#primaryimage"},"image":{"@id":"https:\/\/plantsuite.com\/trabalhar-conosco\/#primaryimage"},"thumbnailUrl":"https:\/\/www.plantsuite.com\/wp-content\/uploads\/2021\/06\/plantsuite-trabalhe-conosco-lg.jpg","datePublished":"2021-06-24T12:13:42+00:00","dateModified":"2024-12-05T17:20:49+00:00","description":"Para trabalhar conosco os profissionais precisam ser criativos, din\u00e2micos, ter iniciativa, aceitar desafios e saber atuar em equipe.","breadcrumb":{"@id":"https:\/\/plantsuite.com\/trabalhar-conosco\/#breadcrumb"},"inLanguage":"en-US","potentialAction":[{"@type":"ReadAction","target":["https:\/\/plantsuite.com\/trabalhar-conosco\/"]}]},{"@type":"ImageObject","inLanguage":"en-US","@id":"https:\/\/plantsuite.com\/trabalhar-conosco\/#primaryimage","url":"https:\/\/www.plantsuite.com\/wp-content\/uploads\/2021\/06\/plantsuite-trabalhe-conosco-lg.jpg","contentUrl":"https:\/\/www.plantsuite.com\/wp-content\/uploads\/2021\/06\/plantsuite-trabalhe-conosco-lg.jpg","width":1200,"height":738,"caption":"Trabalhe Conosco - Time PlantSuite"},{"@type":"BreadcrumbList","@id":"https:\/\/plantsuite.com\/trabalhar-conosco\/#breadcrumb","itemListElement":[{"@type":"ListItem","position":1,"name":"In\u00edcio","item":"https:\/\/www.plantsuite.com\/"},{"@type":"ListItem","position":2,"name":"Trabalhe Conosco"}]},{"@type":"WebSite","@id":"https:\/\/www.plantsuite.com\/#website","url":"https:\/\/www.plantsuite.com\/","name":"PlantSuite","description":"Produtos MES e IoT","publisher":{"@id":"https:\/\/www.plantsuite.com\/#organization"},"potentialAction":[{"@type":"SearchAction","target":{"@type":"EntryPoint","urlTemplate":"https:\/\/www.plantsuite.com\/?s={search_term_string}"},"query-input":"required name=search_term_string"}],"inLanguage":"en-US"},{"@type":"Organization","@id":"https:\/\/www.plantsuite.com\/#organization","name":"PlantSuite Software Ltda","url":"https:\/\/www.plantsuite.com\/","logo":{"@type":"ImageObject","inLanguage":"en-US","@id":"https:\/\/www.plantsuite.com\/#\/schema\/logo\/image\/","url":"https:\/\/plantsuite.com\/wp-content\/uploads\/2021\/05\/logotipo-plantsuite.svg","contentUrl":"https:\/\/plantsuite.com\/wp-content\/uploads\/2021\/05\/logotipo-plantsuite.svg","width":1,"height":1,"caption":"PlantSuite Software Ltda"},"image":{"@id":"https:\/\/www.plantsuite.com\/#\/schema\/logo\/image\/"},"sameAs":["https:\/\/www.facebook.com\/PlantSuite","https:\/\/www.instagram.com\/plantsuitesoftware\/","https:\/\/www.linkedin.com\/company\/plantsuite\/"]}]}},"_links":{"self":[{"href":"https:\/\/www.plantsuite.com\/en\/wp-json\/wp\/v2\/pages\/2466"}],"collection":[{"href":"https:\/\/www.plantsuite.com\/en\/wp-json\/wp\/v2\/pages"}],"about":[{"href":"https:\/\/www.plantsuite.com\/en\/wp-json\/wp\/v2\/types\/page"}],"author":[{"embeddable":true,"href":"https:\/\/www.plantsuite.com\/en\/wp-json\/wp\/v2\/users\/1"}],"replies":[{"embeddable":true,"href":"https:\/\/www.plantsuite.com\/en\/wp-json\/wp\/v2\/comments?post=2466"}],"version-history":[{"count":16,"href":"https:\/\/www.plantsuite.com\/en\/wp-json\/wp\/v2\/pages\/2466\/revisions"}],"predecessor-version":[{"id":3861,"href":"https:\/\/www.plantsuite.com\/en\/wp-json\/wp\/v2\/pages\/2466\/revisions\/3861"}],"wp:featuredmedia":[{"embeddable":true,"href":"https:\/\/www.plantsuite.com\/en\/wp-json\/wp\/v2\/media\/2791"}],"wp:attachment":[{"href":"https:\/\/www.plantsuite.com\/en\/wp-json\/wp\/v2\/media?parent=2466"}],"wp:term":[{"taxonomy":"folder","embeddable":true,"href":"https:\/\/www.plantsuite.com\/en\/wp-json\/wp\/v2\/folder?post=2466"}],"curies":[{"name":"wp","href":"https:\/\/api.w.org\/{rel}","templated":true}]}}